{"id":1314,"date":"2024-12-02T21:23:52","date_gmt":"2024-12-02T21:23:52","guid":{"rendered":"https:\/\/diamond-empower.ea.consulting\/?page_id=1314"},"modified":"2024-12-04T07:20:40","modified_gmt":"2024-12-04T07:20:40","slug":"pongase-en-contacto-con","status":"publish","type":"page","link":"https:\/\/diamond-empower.eu\/es\/pongase-en-contacto-con\/","title":{"rendered":"CONTACTO"},"content":{"rendered":"<div class=\"wpb-content-wrapper\"><section id=\"ut-section-6a03a66645d99\" data-cursor-skin=\"global\" class=\"vc_section ut-vc-160 vc_section-has-no-fill ut-section-6a03a66645da3\"><div id=\"ut-row-6a03a666462fb\" class=\"vc_row wpb_row vc_row-fluid vc_column-gap-0 ut-row-6a03a66646301\" ><div class=\"wpb_column vc_column_container vc_col-sm-6\" ><div id=\"ut_inner_column_6a03a66646868\" class=\"vc_column-inner\" ><div class=\"wpb_wrapper\"><div class=\"wpb_content_element  vc_custom_1733222018008\"><style type=\"text\/css\">#ut_header_6a03a66646b1e h2.section-title { font-size:80px !important;line-height:88px !important;letter-spacing:-0.05em; }<\/style><header id=\"ut_header_6a03a66646b1e\" class=\"section-header  ut-no-title-linebreak-mobile ut-no-lead-linebreak-mobile pt-style-2 header-left header-tablet-left header-mobile-left element-with-custom-line-height\"><div class=\"element-with-custom-line-height\" ><h2 data-title=\"Contact\"  data-responsive-font=\"section_title\" data-responsive-font-settings=\"{&quot;base-font-size&quot;:&quot;global&quot;,&quot;font-size&quot;:{&quot;desktop_large&quot;:&quot;80&quot;},&quot;base-line-height&quot;:&quot;global&quot;,&quot;line-height&quot;:{&quot;desktop_large&quot;:&quot;88&quot;},&quot;base-letter-spacing&quot;:&quot;global&quot;,&quot;letter-spacing&quot;:{&quot;desktop_large&quot;:&quot;-0.05&quot;}}\" class=\"section-title\"><span>CONTACTO<\/span><\/h2><\/div><\/header><\/div>\r\n\t<div class=\"wpb_raw_code wpb_raw_html wpb_content_element\" >\r\n\t\t<div class=\"wpb_wrapper\">\r\n\t\t\t<div id=\"mc_embed_shell\">\n      <link href=\"\/\/cdn-images.mailchimp.com\/embedcode\/classic-061523.css\" rel=\"stylesheet\" type=\"text\/css\">\n  <style type=\"text\/css\">\n        #mc_embed_signup{background:#fff; false;clear:left; font:14px Helvetica,Arial,sans-serif; width: 600px;}\n        \/* Add your own Mailchimp form style overrides in your site stylesheet or in this style block.\n           We recommend moving this block and the preceding CSS link to the HEAD of your HTML file. *\/\n<\/style><style type=\"text\/css\">\n        #mc-embedded-subscribe-form input[type=checkbox]{display: inline; width: auto;margin-right: 10px;}\n#mergeRow-gdpr {margin-top: 20px;}\n#mergeRow-gdpr fieldset label {font-weight: normal;}\n#mc-embedded-subscribe-form .mc_fieldset{border:none;min-height: 0px;padding-bottom:0px;}\n<\/style>\n<div id=\"mc_embed_signup\">\n    <form action=\"https:\/\/tech.us20.list-manage.com\/subscribe\/post?u=2102ec21db0bca35cde6a639a&amp;id=53903a3757&amp;f_id=00ed7af1f0\" method=\"post\" id=\"mc-embedded-subscribe-form\" name=\"mc-embedded-subscribe-form\" class=\"validate\" target=\"_blank\">\n        <div id=\"mc_embed_signup_scroll\"><h2><span style=\"color:#209189;\">Suscr\u00edbase al bolet\u00edn DIAMOND Empower<\/span><\/h2>\n            <div class=\"indicates-required\"><span class=\"asterisk\">*<\/span> indica necesario<\/div>\n            <div class=\"mc-field-group\"><label for=\"mce-EMAIL\">Direcci\u00f3n de correo electr\u00f3nico <span class=\"asterisk\">*<\/span><\/label><input type=\"email\" name=\"EMAIL\" class=\"required email\" id=\"mce-EMAIL\" required=\"\" value=\"\"><\/div><div class=\"mc-field-group\"><label for=\"mce-FNAME\">Nombre <\/label><input type=\"text\" name=\"FNAME\" class=\"text\" id=\"mce-FNAME\" value=\"\"><\/div><div class=\"mc-field-group\"><label for=\"mce-LNAME\">Apellido <\/label><input type=\"text\" name=\"LNAME\" class=\"text\" id=\"mce-LNAME\" value=\"\"><\/div><div id=\"mergeRow-gdpr\" class=\"mergeRow gdpr-mergeRow content__gdprBlock mc-field-group\"><div class=\"content__gdpr\"><label>Permisos de marketing<\/label><p>Seleccione todas las v\u00edas por las que desea recibir noticias de :<\/p><fieldset class=\"mc_fieldset gdprRequired mc-field-group\" name=\"interestgroup_field\"><label class=\"checkbox subfield\" for=\"gdpr67797\"><input type=\"checkbox\" id=\"gdpr_67797\" name=\"gdpr[67797]\" class=\"gdpr\" value=\"Y\"><span>Correo electr\u00f3nico<\/span><\/label><\/fieldset><p>Puede darse de baja en cualquier momento haciendo clic en el enlace que aparece en el pie de p\u00e1gina de nuestros correos electr\u00f3nicos. Para m\u00e1s informaci\u00f3n sobre nuestras pr\u00e1cticas de privacidad, visite nuestro sitio web.<\/p><\/div><div class=\"content__gdprLegal\"><p>Utilizamos Mailchimp como plataforma de marketing. Al hacer clic a continuaci\u00f3n para suscribirse, usted reconoce que su informaci\u00f3n ser\u00e1 transferida a Mailchimp para su procesamiento. <a href=\"https:\/\/mailchimp.com\/legal\/terms\">M\u00e1s informaci\u00f3n<\/a> sobre las pr\u00e1cticas de privacidad de Mailchimp.<\/p><\/div><\/div>\n        <div id=\"mce-responses\" class=\"clear\">\n            <div class=\"response\" id=\"mce-error-response\" style=\"display: none;\"><\/div>\n            <div class=\"response\" id=\"mce-success-response\" style=\"display: none;\"><\/div>\n        <\/div><div aria-hidden=\"true\" style=\"position: absolute; left: -5000px;\"><input type=\"text\" name=\"b_2102ec21db0bca35cde6a639a_53903a3757\" tabindex=\"-1\" value=\"\"><\/div><div class=\"\"><input type=\"submit\" name=\"subscribe\" id=\"mc-embedded-subscribe\" class=\"button\" value=\"Suscr\u00edbase a\"><\/div>\n    <\/div>\n<\/form>\n<\/div>\n<script type=\"text\/javascript\" src=\"\/\/s3.amazonaws.com\/downloads.mailchimp.com\/js\/mc-validate.js\"><\/script><script type=\"text\/javascript\">(function($) {window.fnames = new Array(); window.ftypes = new Array();fnames[0]='EMAIL';ftypes[0]='email';fnames[1]='FNAME';ftypes[1]='text';fnames[2]='LNAME';ftypes[2]='text';fnames[3]='ADDRESS';ftypes[3]='address';fnames[4]='PHONE';ftypes[4]='phone';}(jQuery));var $mcj = jQuery.noConflict(true);<\/script><\/div>\r\n\t\t<\/div>\r\n\t<\/div>\r\n<\/div><\/div><\/div><div class=\"wpb_column vc_column_container vc_col-sm-6\" ><div id=\"ut_inner_column_6a03a66649a16\" class=\"vc_column-inner\" ><div class=\"wpb_wrapper\">\r\n<style type=\"text\/css\">\r\n\r\n    \r\n    #ut-empty-space-6a03a66649b0b {\r\n        height: 165px    }\r\n\r\n    \r\n        @media (min-width: 768px) and (max-width: 1200px) {\r\n        #ut-empty-space-6a03a66649b0b {\r\n        height: 165px;\r\n        display: block;\r\n    }\r\n    }\r\n    \r\n    \r\n    @media (max-width: 767px) {\r\n        #ut-empty-space-6a03a66649b0b {\r\n        height: 165px;\r\n        display: block;\r\n    }\r\n    }\r\n\r\n    \r\n<\/style>\r\n\r\n<div class=\"vc_empty_space\" id=\"ut-empty-space-6a03a66649b0b\"><span class=\"vc_empty_space_inner\"><\/span><\/div>\r\n\t<div class=\"wpb_text_column wpb_content_element\" >\r\n\t\t<div class=\"wpb_wrapper\">\r\n\t\t\t<h3><span style=\"color: #209189;\">P\u00f3ngase en contacto con nosotros<\/span><\/h3>\n<p>Correo electr\u00f3nico: <a title=\"\" href=\"mailto:empower@diamond-empower.eu\" target=\"_blank\" rel=\"noopener\">empower@diamond-empower.eu<\/a><\/p>\n\r\n\t\t<\/div>\r\n\t<\/div>\r\n\r\n\t<div class=\"wpb_text_column wpb_content_element\" >\r\n\t\t<div class=\"wpb_wrapper\">\r\n\t\t\t<h3><span style=\"color: #209189;\">Miembros del Consorcio<\/span><\/h3>\n<div style=\"display: grid; grid-template-columns: 1fr 1fr; gap: 30px 15px;\">\n<div><strong>Universidad de Aarhus (1\/AU)<\/strong><br \/>\n<a href=\"https:\/\/bss.au.dk\/en\/\/\">https:\/\/bss.au.dk\/en<\/a><br \/>\nDinamarca<\/div>\n<div><strong>Universidad Libre de Berl\u00edn (2\/FUB)<\/strong><br \/>\n<a href=\"https:\/\/www.fu-berlin.de\/en\/\">https:\/\/www.fu-berlin.de\/en<\/a><br \/>\nAlemania<\/div>\n<div><strong>Universidad de Burgos (3\/UBU) <\/strong><br \/>\n<a href=\"https:\/\/www.ubu.es\/\">https:\/\/www.ubu.es<\/a><br \/>\nEspa\u00f1a<\/div>\n<div><b>Rheinisch-Westf\u00e4lische Technische Hochschule Aachen (4\/RWTH AACHEN)<\/b><br \/>\n<a href=\"https:\/\/www.rwth-aachen.de\/\">https:\/\/www.rwth-aachen.de<\/a><br \/>\nAlemania<\/div>\n<div><b>Universit\u00e4t Wien (5\/UNIVIE)<br \/>\n<\/b><a href=\"https:\/\/soko-psy.univie.ac.at\/\">https:\/\/soko-psy.univie.ac.at<\/a><br \/>\nAustria<\/div>\n<div><b>Centro de Excelencia en Tecnolog\u00edas de la Informaci\u00f3n y la Comunicaci\u00f3n (6\/CETIC)<br \/>\n<\/b><a href=\"https:\/\/www.cetic.be\/\">https:\/\/www.cetic.be<\/a><br \/>\nB\u00e9lgica<\/div>\n<div><b>Inmersi\u00f3n (7\/IMM)<br \/>\n<\/b><a href=\"https:\/\/www.immersion.fr\/\">https:\/\/www.immersion.fr<\/a><br \/>\nFrancia<\/div>\n<div><b>Centro Europeo de An\u00e1lisis y Asuntos Econ\u00f3micos y Pol\u00edticos (8\/ECEPAA)<br \/>\n<\/b><a href=\"https:\/\/www.ecepaa.eu\/\">https:\/\/www.ecepaa.eu<\/a><br \/>\nB\u00e9lgica<\/div>\n<div><b>Arquetipos evolutivos Consultor\u00eda SL (9\/EA)<br \/>\n<\/b><a href=\"https:\/\/ea.consulting\/\">https:\/\/ea.consulting<\/a><br \/>\nEspa\u00f1a<\/div>\n<div><b>Mensaje Proporcional Associacao (10\/PM)<br \/>\n<\/b><a href=\"https:\/\/proportionalmessage.eu\/en\/\">https:\/\/proportionalmessage.eu\/en<\/a><br \/>\nPortugal<\/div>\n<div><b>Ente Morale Giacomo Feltrinelli per l'incremento Dell'Istruzione Tecnica (11\/EMiT)<br \/>\n<\/b><a href=\"https:\/\/www.emitfeltrinelli.it\/ente-morale-emit-feltrinelli\/\">https:\/\/www.emitfeltrinelli.it\/ente-morale-emit-feltrinelli<\/a><br \/>\nItalia<\/div>\n<div><b>Deinde Spolka Z Ograniczona Odpowiedzialnoscia (12\/DEI)<br \/>\n<\/b><a href=\"https:\/\/deinde.pl\/en\/\">https:\/\/deinde.pl\/en<\/a><br \/>\nPolonia<\/div>\n<div><b>Fundacja Obiektywna (13\/FOB)<br \/>\n<\/b><a href=\"https:\/\/obiektywna.org\/\">https:\/\/obiektywna.org<\/a><br \/>\nPolonia<\/div>\n<div><b>Youth Power Alemania EV (14\/YP)<br \/>\n<\/b><a href=\"https:\/\/yp-de.org\/\">https:\/\/yp-de.org<\/a><br \/>\nAlemania<\/div>\n<div><b>Fundaci\u00f3n Miradas (15\/FM)<br \/>\n<\/b><a href=\"https:\/\/fundacionmiradas.org\/\">https:\/\/fundacionmiradas.org<\/a><br \/>\nEspa\u00f1a<\/div>\n<\/div>\n\r\n\t\t<\/div>\r\n\t<\/div>\r\n<\/div><\/div><\/div><\/div><div class=\"vc_row-full-width vc_clearfix\"><\/div><div id=\"ut-row-6a03a6664a1fb\" class=\"vc_row wpb_row vc_row-fluid vc_column-gap-0 ut-row-6a03a6664a202\" ><div class=\"wpb_column vc_column_container vc_col-sm-12\" ><div id=\"ut_inner_column_6a03a6664a5c5\" class=\"vc_column-inner\" ><div class=\"wpb_wrapper\"><\/div><\/div><\/div><\/div><div class=\"vc_row-full-width vc_clearfix\"><\/div><a data-id=\"section-without-id\" class=\"ut-vc-offset-anchor-bottom\" name=\"section-without-id\"><\/a><\/section>\n<\/div>","protected":false},"excerpt":{"rendered":"Contact Subscribe to DIAMOND Empower Newsletter * indicates required Email Address *First Name Last Name Marketing PermissionsPlease select all the ways you would like to hear from :EmailYou can unsubscribe at any time by clicking the link in the footer of our emails. For information about our privacy practices, please visit our website.We use Mailchimp [...]","protected":false},"author":1,"featured_media":0,"parent":0,"menu_order":0,"comment_status":"closed","ping_status":"closed","template":"","meta":{"footnotes":""},"class_list":["post-1314","page","type-page","status-publish","hentry"],"yoast_head":"<!-- This site is optimized with the Yoast SEO plugin v25.1 - https:\/\/yoast.com\/wordpress\/plugins\/seo\/ -->\n<title>Contact - DIAMOND Empowerment<\/title>\n<meta name=\"robots\" content=\"index, follow, max-snippet:-1, max-image-preview:large, max-video-preview:-1\" \/>\n<link rel=\"canonical\" href=\"https:\/\/diamond-empower.eu\/es\/pongase-en-contacto-con\/\" \/>\n<meta property=\"og:locale\" content=\"es_ES\" \/>\n<meta property=\"og:type\" content=\"article\" \/>\n<meta property=\"og:title\" content=\"Contact - DIAMOND Empowerment\" \/>\n<meta property=\"og:url\" content=\"https:\/\/diamond-empower.eu\/es\/pongase-en-contacto-con\/\" \/>\n<meta property=\"og:site_name\" content=\"DIAMOND Empowerment\" \/>\n<meta property=\"article:modified_time\" content=\"2024-12-04T07:20:40+00:00\" \/>\n<meta property=\"og:image\" content=\"https:\/\/diamond-empower.eu\/wp-content\/uploads\/2024\/11\/diamond-social.png\" \/>\n\t<meta property=\"og:image:width\" content=\"1280\" \/>\n\t<meta property=\"og:image:height\" content=\"720\" \/>\n\t<meta property=\"og:image:type\" content=\"image\/png\" \/>\n<meta name=\"twitter:card\" content=\"summary_large_image\" \/>\n<meta name=\"twitter:label1\" content=\"Tiempo de lectura\" \/>\n\t<meta name=\"twitter:data1\" content=\"4 minutos\" \/>\n<script type=\"application\/ld+json\" class=\"yoast-schema-graph\">{\"@context\":\"https:\/\/schema.org\",\"@graph\":[{\"@type\":\"WebPage\",\"@id\":\"https:\/\/diamond-empower.eu\/es\/contact\/\",\"url\":\"https:\/\/diamond-empower.eu\/es\/contact\/\",\"name\":\"Contact - DIAMOND Empowerment\",\"isPartOf\":{\"@id\":\"https:\/\/diamond-empower.eu\/#website\"},\"datePublished\":\"2024-12-02T21:23:52+00:00\",\"dateModified\":\"2024-12-04T07:20:40+00:00\",\"breadcrumb\":{\"@id\":\"https:\/\/diamond-empower.eu\/es\/contact\/#breadcrumb\"},\"inLanguage\":\"es\",\"potentialAction\":[{\"@type\":\"ReadAction\",\"target\":[\"https:\/\/diamond-empower.eu\/es\/contact\/\"]}]},{\"@type\":\"BreadcrumbList\",\"@id\":\"https:\/\/diamond-empower.eu\/es\/contact\/#breadcrumb\",\"itemListElement\":[{\"@type\":\"ListItem\",\"position\":1,\"name\":\"Home\",\"item\":\"https:\/\/diamond-empower.eu\/\"},{\"@type\":\"ListItem\",\"position\":2,\"name\":\"Contact\"}]},{\"@type\":\"WebSite\",\"@id\":\"https:\/\/diamond-empower.eu\/#website\",\"url\":\"https:\/\/diamond-empower.eu\/\",\"name\":\"DIAMOND Empowerment\",\"description\":\"Providing a Digital and Modular Ecosystem for Personalized Capabilities Development to Enhance Labour Market Participation and Employment Transition\",\"potentialAction\":[{\"@type\":\"SearchAction\",\"target\":{\"@type\":\"EntryPoint\",\"urlTemplate\":\"https:\/\/diamond-empower.eu\/?s={search_term_string}\"},\"query-input\":{\"@type\":\"PropertyValueSpecification\",\"valueRequired\":true,\"valueName\":\"search_term_string\"}}],\"inLanguage\":\"es\"}]}<\/script>\n<!-- \/ Yoast SEO plugin. -->","yoast_head_json":{"title":"Contact - DIAMOND Empowerment","robots":{"index":"index","follow":"follow","max-snippet":"max-snippet:-1","max-image-preview":"max-image-preview:large","max-video-preview":"max-video-preview:-1"},"canonical":"https:\/\/diamond-empower.eu\/es\/pongase-en-contacto-con\/","og_locale":"es_ES","og_type":"article","og_title":"Contact - DIAMOND Empowerment","og_url":"https:\/\/diamond-empower.eu\/es\/pongase-en-contacto-con\/","og_site_name":"DIAMOND Empowerment","article_modified_time":"2024-12-04T07:20:40+00:00","og_image":[{"width":1280,"height":720,"url":"https:\/\/diamond-empower.eu\/wp-content\/uploads\/2024\/11\/diamond-social.png","type":"image\/png"}],"twitter_card":"summary_large_image","twitter_misc":{"Tiempo de lectura":"4 minutos"},"schema":{"@context":"https:\/\/schema.org","@graph":[{"@type":"WebPage","@id":"https:\/\/diamond-empower.eu\/es\/contact\/","url":"https:\/\/diamond-empower.eu\/es\/contact\/","name":"Contact - DIAMOND Empowerment","isPartOf":{"@id":"https:\/\/diamond-empower.eu\/#website"},"datePublished":"2024-12-02T21:23:52+00:00","dateModified":"2024-12-04T07:20:40+00:00","breadcrumb":{"@id":"https:\/\/diamond-empower.eu\/es\/contact\/#breadcrumb"},"inLanguage":"es","potentialAction":[{"@type":"ReadAction","target":["https:\/\/diamond-empower.eu\/es\/contact\/"]}]},{"@type":"BreadcrumbList","@id":"https:\/\/diamond-empower.eu\/es\/contact\/#breadcrumb","itemListElement":[{"@type":"ListItem","position":1,"name":"Home","item":"https:\/\/diamond-empower.eu\/"},{"@type":"ListItem","position":2,"name":"Contact"}]},{"@type":"WebSite","@id":"https:\/\/diamond-empower.eu\/#website","url":"https:\/\/diamond-empower.eu\/","name":"DIAMOND Empowerment","description":"Providing a Digital and Modular Ecosystem for Personalized Capabilities Development to Enhance Labour Market Participation and Employment Transition","potentialAction":[{"@type":"SearchAction","target":{"@type":"EntryPoint","urlTemplate":"https:\/\/diamond-empower.eu\/?s={search_term_string}"},"query-input":{"@type":"PropertyValueSpecification","valueRequired":true,"valueName":"search_term_string"}}],"inLanguage":"es"}]}},"_links":{"self":[{"href":"https:\/\/diamond-empower.eu\/es\/wp-json\/wp\/v2\/pages\/1314","targetHints":{"allow":["GET"]}}],"collection":[{"href":"https:\/\/diamond-empower.eu\/es\/wp-json\/wp\/v2\/pages"}],"about":[{"href":"https:\/\/diamond-empower.eu\/es\/wp-json\/wp\/v2\/types\/page"}],"author":[{"embeddable":true,"href":"https:\/\/diamond-empower.eu\/es\/wp-json\/wp\/v2\/users\/1"}],"replies":[{"embeddable":true,"href":"https:\/\/diamond-empower.eu\/es\/wp-json\/wp\/v2\/comments?post=1314"}],"version-history":[{"count":11,"href":"https:\/\/diamond-empower.eu\/es\/wp-json\/wp\/v2\/pages\/1314\/revisions"}],"predecessor-version":[{"id":1379,"href":"https:\/\/diamond-empower.eu\/es\/wp-json\/wp\/v2\/pages\/1314\/revisions\/1379"}],"wp:attachment":[{"href":"https:\/\/diamond-empower.eu\/es\/wp-json\/wp\/v2\/media?parent=1314"}],"curies":[{"name":"wp","href":"https:\/\/api.w.org\/{rel}","templated":true}]}}