{"id":1314,"date":"2024-12-02T21:23:52","date_gmt":"2024-12-02T21:23:52","guid":{"rendered":"https:\/\/diamond-empower.ea.consulting\/?page_id=1314"},"modified":"2024-12-04T07:20:40","modified_gmt":"2024-12-04T07:20:40","slug":"kontakt","status":"publish","type":"page","link":"https:\/\/diamond-empower.eu\/pl\/kontakt\/","title":{"rendered":"Kontakt"},"content":{"rendered":"<div class=\"wpb-content-wrapper\"><section id=\"ut-section-6a03a639f003c\" data-cursor-skin=\"global\" class=\"vc_section ut-vc-160 vc_section-has-no-fill ut-section-6a03a639f0045\"><div id=\"ut-row-6a03a639f063e\" class=\"vc_row wpb_row vc_row-fluid vc_column-gap-0 ut-row-6a03a639f0647\" ><div class=\"wpb_column vc_column_container vc_col-sm-6\" ><div id=\"ut_inner_column_6a03a639f0b68\" class=\"vc_column-inner\" ><div class=\"wpb_wrapper\"><div class=\"wpb_content_element  vc_custom_1733222018008\"><style type=\"text\/css\">#ut_header_6a03a639f0e22 h2.section-title { font-size:80px !important;line-height:88px !important;letter-spacing:-0.05em; }<\/style><header id=\"ut_header_6a03a639f0e22\" class=\"section-header  ut-no-title-linebreak-mobile ut-no-lead-linebreak-mobile pt-style-2 header-left header-tablet-left header-mobile-left element-with-custom-line-height\"><div class=\"element-with-custom-line-height\" ><h2 data-title=\"Contact\"  data-responsive-font=\"section_title\" data-responsive-font-settings=\"{&quot;base-font-size&quot;:&quot;global&quot;,&quot;font-size&quot;:{&quot;desktop_large&quot;:&quot;80&quot;},&quot;base-line-height&quot;:&quot;global&quot;,&quot;line-height&quot;:{&quot;desktop_large&quot;:&quot;88&quot;},&quot;base-letter-spacing&quot;:&quot;global&quot;,&quot;letter-spacing&quot;:{&quot;desktop_large&quot;:&quot;-0.05&quot;}}\" class=\"section-title\"><span>Kontakt<\/span><\/h2><\/div><\/header><\/div>\r\n\t<div class=\"wpb_raw_code wpb_raw_html wpb_content_element\" >\r\n\t\t<div class=\"wpb_wrapper\">\r\n\t\t\t<div id=\"mc_embed_shell\">\n      <link href=\"\/\/cdn-images.mailchimp.com\/embedcode\/classic-061523.css\" rel=\"stylesheet\" type=\"text\/css\">\n  <style type=\"text\/css\">\n        #mc_embed_signup{background:#fff; false;clear:left; font:14px Helvetica,Arial,sans-serif; width: 600px;}\n        \/* Add your own Mailchimp form style overrides in your site stylesheet or in this style block.\n           We recommend moving this block and the preceding CSS link to the HEAD of your HTML file. *\/\n<\/style><style type=\"text\/css\">\n        #mc-embedded-subscribe-form input[type=checkbox]{display: inline; width: auto;margin-right: 10px;}\n#mergeRow-gdpr {margin-top: 20px;}\n#mergeRow-gdpr fieldset label {font-weight: normal;}\n#mc-embedded-subscribe-form .mc_fieldset{border:none;min-height: 0px;padding-bottom:0px;}\n<\/style>\n<div id=\"mc_embed_signup\">\n    <form action=\"https:\/\/tech.us20.list-manage.com\/subscribe\/post?u=2102ec21db0bca35cde6a639a&amp;id=53903a3757&amp;f_id=00ed7af1f0\" method=\"post\" id=\"mc-embedded-subscribe-form\" name=\"mc-embedded-subscribe-form\" class=\"validate\" target=\"_blank\">\n        <div id=\"mc_embed_signup_scroll\"><h2><span style=\"color:#209189;\">Subskrybuj biuletyn DIAMOND Empower<\/span><\/h2>\n            <div class=\"indicates-required\"><span class=\"asterisk\">*<\/span> wskazuje wymagane<\/div>\n            <div class=\"mc-field-group\"><label for=\"mce-EMAIL\">Adres e-mail <span class=\"asterisk\">*<\/span><\/label><input type=\"email\" name=\"EMAIL\" class=\"required email\" id=\"mce-EMAIL\" required=\"\" value=\"\"><\/div><div class=\"mc-field-group\"><label for=\"mce-FNAME\">Imi\u0119 <\/label><input type=\"text\" name=\"FNAME\" class=\"text\" id=\"mce-FNAME\" value=\"\"><\/div><div class=\"mc-field-group\"><label for=\"mce-LNAME\">Nazwisko <\/label><input type=\"text\" name=\"LNAME\" class=\"text\" id=\"mce-LNAME\" value=\"\"><\/div><div id=\"mergeRow-gdpr\" class=\"mergeRow gdpr-mergeRow content__gdprBlock mc-field-group\"><div class=\"content__gdpr\"><label>Uprawnienia marketingowe<\/label><p>Zaznacz wszystkie sposoby, w jakie chcesz otrzymywa\u0107 wiadomo\u015bci:<\/p><fieldset class=\"mc_fieldset gdprRequired mc-field-group\" name=\"interestgroup_field\"><label class=\"checkbox subfield\" for=\"gdpr67797\"><input type=\"checkbox\" id=\"gdpr_67797\" name=\"gdpr[67797]\" class=\"gdpr\" value=\"Y\"><span>E-mail<\/span><\/label><\/fieldset><p>Mo\u017cesz zrezygnowa\u0107 z subskrypcji w dowolnym momencie, klikaj\u0105c \u0142\u0105cze w stopce naszych wiadomo\u015bci e-mail. Aby uzyska\u0107 informacje na temat naszych praktyk dotycz\u0105cych prywatno\u015bci, odwied\u017a nasz\u0105 stron\u0119 internetow\u0105.<\/p><\/div><div class=\"content__gdprLegal\"><p>U\u017cywamy Mailchimp jako naszej platformy marketingowej. Klikaj\u0105c poni\u017cej, aby zasubskrybowa\u0107, u\u017cytkownik przyjmuje do wiadomo\u015bci, \u017ce jego dane zostan\u0105 przes\u0142ane do Mailchimp w celu przetworzenia. <a href=\"https:\/\/mailchimp.com\/legal\/terms\">Dowiedz si\u0119 wi\u0119cej<\/a> o praktykach ochrony prywatno\u015bci Mailchimp.<\/p><\/div><\/div>\n        <div id=\"mce-responses\" class=\"clear\">\n            <div class=\"response\" id=\"mce-error-response\" style=\"display: none;\"><\/div>\n            <div class=\"response\" id=\"mce-success-response\" style=\"display: none;\"><\/div>\n        <\/div><div aria-hidden=\"true\" style=\"position: absolute; left: -5000px;\"><input type=\"text\" name=\"b_2102ec21db0bca35cde6a639a_53903a3757\" tabindex=\"-1\" value=\"\"><\/div><div class=\"\"><input type=\"submit\" name=\"subscribe\" id=\"mc-embedded-subscribe\" class=\"button\" value=\"Subskrybuj\"><\/div>\n    <\/div>\n<\/form>\n<\/div>\n<script type=\"text\/javascript\" src=\"\/\/s3.amazonaws.com\/downloads.mailchimp.com\/js\/mc-validate.js\"><\/script><script type=\"text\/javascript\">(function($) {window.fnames = new Array(); window.ftypes = new Array();fnames[0]='EMAIL';ftypes[0]='email';fnames[1]='FNAME';ftypes[1]='text';fnames[2]='LNAME';ftypes[2]='text';fnames[3]='ADDRESS';ftypes[3]='address';fnames[4]='PHONE';ftypes[4]='phone';}(jQuery));var $mcj = jQuery.noConflict(true);<\/script><\/div>\r\n\t\t<\/div>\r\n\t<\/div>\r\n<\/div><\/div><\/div><div class=\"wpb_column vc_column_container vc_col-sm-6\" ><div id=\"ut_inner_column_6a03a639f3cf8\" class=\"vc_column-inner\" ><div class=\"wpb_wrapper\">\r\n<style type=\"text\/css\">\r\n\r\n    \r\n    #ut-empty-space-6a03a639f3df0 {\r\n        height: 165px    }\r\n\r\n    \r\n        @media (min-width: 768px) and (max-width: 1200px) {\r\n        #ut-empty-space-6a03a639f3df0 {\r\n        height: 165px;\r\n        display: block;\r\n    }\r\n    }\r\n    \r\n    \r\n    @media (max-width: 767px) {\r\n        #ut-empty-space-6a03a639f3df0 {\r\n        height: 165px;\r\n        display: block;\r\n    }\r\n    }\r\n\r\n    \r\n<\/style>\r\n\r\n<div class=\"vc_empty_space\" id=\"ut-empty-space-6a03a639f3df0\"><span class=\"vc_empty_space_inner\"><\/span><\/div>\r\n\t<div class=\"wpb_text_column wpb_content_element\" >\r\n\t\t<div class=\"wpb_wrapper\">\r\n\t\t\t<h3><span style=\"color: #209189;\">Skontaktuj si\u0119 z nami<\/span><\/h3>\n<p>E-mail: <a title=\"\" href=\"mailto:empower@diamond-empower.eu\" target=\"_blank\" rel=\"noopener\">empower@diamond-empower.eu<\/a><\/p>\n\r\n\t\t<\/div>\r\n\t<\/div>\r\n\r\n\t<div class=\"wpb_text_column wpb_content_element\" >\r\n\t\t<div class=\"wpb_wrapper\">\r\n\t\t\t<h3><span style=\"color: #209189;\">Cz\u0142onkowie konsorcjum<\/span><\/h3>\n<div style=\"display: grid; grid-template-columns: 1fr 1fr; gap: 30px 15px;\">\n<div><strong>Aarhus Universitet (1\/AU)<\/strong><br \/>\n<a href=\"https:\/\/bss.au.dk\/en\/\/\">https:\/\/bss.au.dk\/en<\/a><br \/>\nDania<\/div>\n<div><strong>Freie Universit\u00e4t Berlin (2\/FUB)<\/strong><br \/>\n<a href=\"https:\/\/www.fu-berlin.de\/en\/\">https:\/\/www.fu-berlin.de\/en<\/a><br \/>\nNiemcy<\/div>\n<div><strong>Universidad de Burgos (3\/UBU) <\/strong><br \/>\n<a href=\"https:\/\/www.ubu.es\/\">https:\/\/www.ubu.es<\/a><br \/>\nHiszpania<\/div>\n<div><b>Rheinisch-Westf\u00e4lische Technische Hochschule Aachen (4\/RWTH AACHEN)<\/b><br \/>\n<a href=\"https:\/\/www.rwth-aachen.de\/\">https:\/\/www.rwth-aachen.de<\/a><br \/>\nNiemcy<\/div>\n<div><b>Universit\u00e4t Wien (5\/UNIVIE)<br \/>\n<\/b><a href=\"https:\/\/soko-psy.univie.ac.at\/\">https:\/\/soko-psy.univie.ac.at<\/a><br \/>\nAustria<\/div>\n<div><b>Centre d'Excellence en Technologies de l'Information et de la Communication (6\/CETIC)<br \/>\n<\/b><a href=\"https:\/\/www.cetic.be\/\">https:\/\/www.cetic.be<\/a><br \/>\nBelgia<\/div>\n<div><b>Zanurzenie (7\/IMM)<br \/>\n<\/b><a href=\"https:\/\/www.immersion.fr\/\">https:\/\/www.immersion.fr<\/a><br \/>\nFrancja<\/div>\n<div><b>Europejskie Centrum Analiz i Spraw Gospodarczych i Politycznych (8\/ECEPAA)<br \/>\n<\/b><a href=\"https:\/\/www.ecepaa.eu\/\">https:\/\/www.ecepaa.eu<\/a><br \/>\nBelgia<\/div>\n<div><b>Evolutionary Archetypes Consulting SL (9\/EA)<br \/>\n<\/b><a href=\"https:\/\/ea.consulting\/\">https:\/\/ea.consulting<\/a><br \/>\nHiszpania<\/div>\n<div><b>Proportional Message Associacao (10\/PM)<br \/>\n<\/b><a href=\"https:\/\/proportionalmessage.eu\/en\/\">https:\/\/proportionalmessage.eu\/en<\/a><br \/>\nPortugalia<\/div>\n<div><b>Ente Morale Giacomo Feltrinelli per l'incremento Dell'Istruzione Tecnica (11\/EMiT)<br \/>\n<\/b><a href=\"https:\/\/www.emitfeltrinelli.it\/ente-morale-emit-feltrinelli\/\">https:\/\/www.emitfeltrinelli.it\/ente-morale-emit-feltrinelli<\/a><br \/>\nW\u0142ochy<\/div>\n<div><b>Deinde Sp\u00f3\u0142ka Z Ograniczon\u0105 Odpowiedzialnosci\u0105 (12\/DEI)<br \/>\n<\/b><a href=\"https:\/\/deinde.pl\/en\/\">https:\/\/deinde.pl\/en<\/a><br \/>\nPolska<\/div>\n<div><b>Fundacja Obiektywna (13\/FOB)<br \/>\n<\/b><a href=\"https:\/\/obiektywna.org\/\">https:\/\/obiektywna.org<\/a><br \/>\nPolska<\/div>\n<div><b>Youth Power Germany EV (14\/YP)<br \/>\n<\/b><a href=\"https:\/\/yp-de.org\/\">https:\/\/yp-de.org<\/a><br \/>\nNiemcy<\/div>\n<div><b>Fundaci\u00f3n Miradas (15\/FM)<br \/>\n<\/b><a href=\"https:\/\/fundacionmiradas.org\/\">https:\/\/fundacionmiradas.org<\/a><br \/>\nHiszpania<\/div>\n<\/div>\n\r\n\t\t<\/div>\r\n\t<\/div>\r\n<\/div><\/div><\/div><\/div><div class=\"vc_row-full-width vc_clearfix\"><\/div><div id=\"ut-row-6a03a63a0031d\" class=\"vc_row wpb_row vc_row-fluid vc_column-gap-0 ut-row-6a03a63a00323\" ><div class=\"wpb_column vc_column_container vc_col-sm-12\" ><div id=\"ut_inner_column_6a03a63a006e8\" class=\"vc_column-inner\" ><div class=\"wpb_wrapper\"><\/div><\/div><\/div><\/div><div class=\"vc_row-full-width vc_clearfix\"><\/div><a data-id=\"section-without-id\" class=\"ut-vc-offset-anchor-bottom\" name=\"section-without-id\"><\/a><\/section>\n<\/div>","protected":false},"excerpt":{"rendered":"Contact Subscribe to DIAMOND Empower Newsletter * indicates required Email Address *First Name Last Name Marketing PermissionsPlease select all the ways you would like to hear from :EmailYou can unsubscribe at any time by clicking the link in the footer of our emails. For information about our privacy practices, please visit our website.We use Mailchimp [...]","protected":false},"author":1,"featured_media":0,"parent":0,"menu_order":0,"comment_status":"closed","ping_status":"closed","template":"","meta":{"footnotes":""},"class_list":["post-1314","page","type-page","status-publish","hentry"],"yoast_head":"<!-- This site is optimized with the Yoast SEO plugin v25.1 - https:\/\/yoast.com\/wordpress\/plugins\/seo\/ -->\n<title>Contact - DIAMOND Empowerment<\/title>\n<meta name=\"robots\" content=\"index, follow, max-snippet:-1, max-image-preview:large, max-video-preview:-1\" \/>\n<link rel=\"canonical\" href=\"https:\/\/diamond-empower.eu\/pl\/kontakt\/\" \/>\n<meta property=\"og:locale\" content=\"pl_PL\" \/>\n<meta property=\"og:type\" content=\"article\" \/>\n<meta property=\"og:title\" content=\"Contact - DIAMOND Empowerment\" \/>\n<meta property=\"og:url\" content=\"https:\/\/diamond-empower.eu\/pl\/kontakt\/\" \/>\n<meta property=\"og:site_name\" content=\"DIAMOND Empowerment\" \/>\n<meta property=\"article:modified_time\" content=\"2024-12-04T07:20:40+00:00\" \/>\n<meta property=\"og:image\" content=\"https:\/\/diamond-empower.eu\/wp-content\/uploads\/2024\/11\/diamond-social.png\" \/>\n\t<meta property=\"og:image:width\" content=\"1280\" \/>\n\t<meta property=\"og:image:height\" content=\"720\" \/>\n\t<meta property=\"og:image:type\" content=\"image\/png\" \/>\n<meta name=\"twitter:card\" content=\"summary_large_image\" \/>\n<meta name=\"twitter:label1\" content=\"Szacowany czas czytania\" \/>\n\t<meta name=\"twitter:data1\" content=\"4 minuty\" \/>\n<script type=\"application\/ld+json\" class=\"yoast-schema-graph\">{\"@context\":\"https:\/\/schema.org\",\"@graph\":[{\"@type\":\"WebPage\",\"@id\":\"https:\/\/diamond-empower.eu\/es\/contact\/\",\"url\":\"https:\/\/diamond-empower.eu\/es\/contact\/\",\"name\":\"Contact - DIAMOND Empowerment\",\"isPartOf\":{\"@id\":\"https:\/\/diamond-empower.eu\/#website\"},\"datePublished\":\"2024-12-02T21:23:52+00:00\",\"dateModified\":\"2024-12-04T07:20:40+00:00\",\"breadcrumb\":{\"@id\":\"https:\/\/diamond-empower.eu\/es\/contact\/#breadcrumb\"},\"inLanguage\":\"pl-PL\",\"potentialAction\":[{\"@type\":\"ReadAction\",\"target\":[\"https:\/\/diamond-empower.eu\/es\/contact\/\"]}]},{\"@type\":\"BreadcrumbList\",\"@id\":\"https:\/\/diamond-empower.eu\/es\/contact\/#breadcrumb\",\"itemListElement\":[{\"@type\":\"ListItem\",\"position\":1,\"name\":\"Home\",\"item\":\"https:\/\/diamond-empower.eu\/\"},{\"@type\":\"ListItem\",\"position\":2,\"name\":\"Contact\"}]},{\"@type\":\"WebSite\",\"@id\":\"https:\/\/diamond-empower.eu\/#website\",\"url\":\"https:\/\/diamond-empower.eu\/\",\"name\":\"DIAMOND Empowerment\",\"description\":\"Providing a Digital and Modular Ecosystem for Personalized Capabilities Development to Enhance Labour Market Participation and Employment Transition\",\"potentialAction\":[{\"@type\":\"SearchAction\",\"target\":{\"@type\":\"EntryPoint\",\"urlTemplate\":\"https:\/\/diamond-empower.eu\/?s={search_term_string}\"},\"query-input\":{\"@type\":\"PropertyValueSpecification\",\"valueRequired\":true,\"valueName\":\"search_term_string\"}}],\"inLanguage\":\"pl-PL\"}]}<\/script>\n<!-- \/ Yoast SEO plugin. -->","yoast_head_json":{"title":"Contact - DIAMOND Empowerment","robots":{"index":"index","follow":"follow","max-snippet":"max-snippet:-1","max-image-preview":"max-image-preview:large","max-video-preview":"max-video-preview:-1"},"canonical":"https:\/\/diamond-empower.eu\/pl\/kontakt\/","og_locale":"pl_PL","og_type":"article","og_title":"Contact - DIAMOND Empowerment","og_url":"https:\/\/diamond-empower.eu\/pl\/kontakt\/","og_site_name":"DIAMOND Empowerment","article_modified_time":"2024-12-04T07:20:40+00:00","og_image":[{"width":1280,"height":720,"url":"https:\/\/diamond-empower.eu\/wp-content\/uploads\/2024\/11\/diamond-social.png","type":"image\/png"}],"twitter_card":"summary_large_image","twitter_misc":{"Szacowany czas czytania":"4 minuty"},"schema":{"@context":"https:\/\/schema.org","@graph":[{"@type":"WebPage","@id":"https:\/\/diamond-empower.eu\/es\/contact\/","url":"https:\/\/diamond-empower.eu\/es\/contact\/","name":"Contact - DIAMOND Empowerment","isPartOf":{"@id":"https:\/\/diamond-empower.eu\/#website"},"datePublished":"2024-12-02T21:23:52+00:00","dateModified":"2024-12-04T07:20:40+00:00","breadcrumb":{"@id":"https:\/\/diamond-empower.eu\/es\/contact\/#breadcrumb"},"inLanguage":"pl-PL","potentialAction":[{"@type":"ReadAction","target":["https:\/\/diamond-empower.eu\/es\/contact\/"]}]},{"@type":"BreadcrumbList","@id":"https:\/\/diamond-empower.eu\/es\/contact\/#breadcrumb","itemListElement":[{"@type":"ListItem","position":1,"name":"Home","item":"https:\/\/diamond-empower.eu\/"},{"@type":"ListItem","position":2,"name":"Contact"}]},{"@type":"WebSite","@id":"https:\/\/diamond-empower.eu\/#website","url":"https:\/\/diamond-empower.eu\/","name":"DIAMOND Empowerment","description":"Providing a Digital and Modular Ecosystem for Personalized Capabilities Development to Enhance Labour Market Participation and Employment Transition","potentialAction":[{"@type":"SearchAction","target":{"@type":"EntryPoint","urlTemplate":"https:\/\/diamond-empower.eu\/?s={search_term_string}"},"query-input":{"@type":"PropertyValueSpecification","valueRequired":true,"valueName":"search_term_string"}}],"inLanguage":"pl-PL"}]}},"_links":{"self":[{"href":"https:\/\/diamond-empower.eu\/pl\/wp-json\/wp\/v2\/pages\/1314","targetHints":{"allow":["GET"]}}],"collection":[{"href":"https:\/\/diamond-empower.eu\/pl\/wp-json\/wp\/v2\/pages"}],"about":[{"href":"https:\/\/diamond-empower.eu\/pl\/wp-json\/wp\/v2\/types\/page"}],"author":[{"embeddable":true,"href":"https:\/\/diamond-empower.eu\/pl\/wp-json\/wp\/v2\/users\/1"}],"replies":[{"embeddable":true,"href":"https:\/\/diamond-empower.eu\/pl\/wp-json\/wp\/v2\/comments?post=1314"}],"version-history":[{"count":11,"href":"https:\/\/diamond-empower.eu\/pl\/wp-json\/wp\/v2\/pages\/1314\/revisions"}],"predecessor-version":[{"id":1379,"href":"https:\/\/diamond-empower.eu\/pl\/wp-json\/wp\/v2\/pages\/1314\/revisions\/1379"}],"wp:attachment":[{"href":"https:\/\/diamond-empower.eu\/pl\/wp-json\/wp\/v2\/media?parent=1314"}],"curies":[{"name":"wp","href":"https:\/\/api.w.org\/{rel}","templated":true}]}}